{"id":111,"date":"2017-08-28T12:09:59","date_gmt":"2017-08-28T12:09:59","guid":{"rendered":"http:\/\/www.site-sts.cz\/?page_id=111"},"modified":"2019-01-30T14:15:09","modified_gmt":"2019-01-30T14:15:09","slug":"ostrihana-sit","status":"publish","type":"page","link":"https:\/\/www.site-sts.cz\/index.php\/ostrihana-sit\/","title":{"rendered":"OST\u0158\u00cdHAN\u00c1 S\u00cd\u0164"},"content":{"rendered":"<h4><strong>Materi\u00e1ly:<\/strong><\/h4>\n<p>Tvrd\u00fd h\u0159eb\u00edkov\u00fd dr\u00e1t, n\u00e1sledn\u011b mo\u017eno povrchov\u011b upravit galvanick\u00fdm\/\u017e\u00e1rov\u00fdm pozinkov\u00e1n\u00edm<br \/>\nNerez potravin\u00e1\u0159sk\u00e1 1.4301 (AISI 304L)<br \/>\nNerez chemick\u00e1 1.4404 (AISI 316L)<\/p>\n<p><img loading=\"lazy\" class=\"aligncenter wp-image-179 size-full\" src=\"http:\/\/edelstahl-gitter.de\/wp-content\/uploads\/2017\/07\/Si\u0165-2-1.png\" alt=\"\" width=\"836\" height=\"728\"><\/p>\n<h4><strong>Vzorov\u00e9 ozna\u010den\u00ed s\u00edt\u011b:<\/strong><\/h4>\n<h2><em><strong>O-3\/50&#215;50\/900&#215;1400-1ks<\/strong><\/em><\/h2>\n<p><strong>O<\/strong> &#8211; Ost\u0159\u00edhan\u00e1 s\u00ed\u0165<br \/>\n<strong>3<\/strong> &#8211; Pr\u016fm\u011br dr\u00e1tu (3mm)<br \/>\n<strong>50&#215;50<\/strong> &#8211; Velikost oka (A=50mm, B=50mm)<br \/>\n<strong>900&#215;1400<\/strong> &nbsp;&#8211; &nbsp;Velikost s\u00edt\u011b (E=900mm, F=1400mm)<br \/>\n<strong>1ks<\/strong> &nbsp;&#8211; &nbsp;Mno\u017estv\u00ed<\/p>\n<p>&nbsp;<\/p>\n<p>Standardn\u00ed rozm\u011bry s\u00edt\u00ed viz. tabulka n\u00ed\u017ee:<\/p>\n<p><img loading=\"lazy\" class=\"aligncenter wp-image-215 size-full\" src=\"http:\/\/edelstahl-gitter.de\/wp-content\/uploads\/2017\/07\/Ost\u0159\u00edhan\u00e1-s\u00ed\u0165-Tab-1.2.png\" alt=\"\" width=\"347\" height=\"882\"><img loading=\"lazy\" class=\"aligncenter wp-image-219 size-full\" src=\"http:\/\/edelstahl-gitter.de\/wp-content\/uploads\/2017\/07\/Ost\u0159\u00edhan\u00e1-s\u00ed\u0165-Tab-1.3.png\" alt=\"\" width=\"722\" height=\"895\"><img loading=\"lazy\" class=\"aligncenter wp-image-220 size-full\" src=\"http:\/\/edelstahl-gitter.de\/wp-content\/uploads\/2017\/07\/Ost\u0159\u00edhan\u00e1-s\u00ed\u0165-Tab-2.3.png\" alt=\"\" width=\"723\" height=\"764\"><!--more--><\/p>\n<h2 style=\"text-align: center;\">Kontakt<\/h2>\n<p><strong><code>\n\n<div class=\"pirate_forms_container widget-no\" id=\"pirate_forms_container_default\">\n\t<!-- header -->\n\t\n\t<!-- thank you -->\n\t\n\t<div class=\"pirate_forms_wrap\">\n\t<!-- errors -->\n\t\n\t<!-- form -->\n\n\t\t<form\n\t\t\tmethod=\"post\"\n\t\t\tenctype=\"multipart\/form-data\"\n\t\t\tclass=\"pirate_forms  form_honeypot-on pirate-forms-contact-name-on pirate-forms-contact-email-on pirate-forms-contact-subject-on pirate-forms-contact-message-on pirate-forms-attachment-on pirate-forms-contact-submit-on pirate_forms_from_form-on\"\n\t\t\t\t\t>\n\t\t\t<div class=\"pirate_forms_three_inputs_wrap \">\n\t\n\n<div class=\"col-lg-4 col-sm-4 form_field_wrap\">\n\t\t<input type=\"text\" class=\"form-control input\" id=\"pirate-forms-contact-name\" name=\"pirate-forms-contact-name\" class=\"\" placeholder=\"Va\u0161e jm\u00e9no a p\u0159\u00edmen\u00ed\" required oninvalid=\"this.setCustomValidity('Enter your name')\" onchange=\"this.setCustomValidity('')\" value=\"\" >\n<\/div>\n\n\n<div class=\"col-lg-4 col-sm-4 form_field_wrap\">\n\t\t<input type=\"email\" class=\"form-control\" id=\"pirate-forms-contact-email\" name=\"pirate-forms-contact-email\" class=\"\" placeholder=\"V\u00e1\u0161 e-mail\" required oninvalid=\"this.setCustomValidity('Enter valid email')\" onchange=\"this.setCustomValidity('')\" value=\"\" >\n<\/div>\n\n\n<div class=\"col-lg-4 col-sm-4 form_field_wrap\">\n\t\t<input type=\"text\" class=\"form-control input\" id=\"pirate-forms-contact-subject\" name=\"pirate-forms-contact-subject\" class=\"\" placeholder=\"V\u00e1\u0161 telefon\" required oninvalid=\"this.setCustomValidity('Please enter a subject')\" onchange=\"this.setCustomValidity('')\" value=\"\" >\n<\/div>\n\t\t\t<\/div>\n\n\t\n\n<div class=\"col-lg-12 col-sm-12 form_field_wrap\">\n\t\t<textarea rows=\"5\" cols=\"30\" class=\"form-control input\" id=\"pirate-forms-contact-message\" name=\"pirate-forms-contact-message\" class=\"\" placeholder=\"Va\u0161e zpr\u00e1va\" required oninvalid=\"this.setCustomValidity('Enter your question or comment')\" onchange=\"this.setCustomValidity('')\" ><\/textarea>\n<\/div>\n\n\n<div class=\"col-xs-12 form_field_wrap contact_attachment_wrap col-xs-12 form_field_wrap contact_attachment_wrap\">\n\t<div class=\"pirate-forms-file-upload-wrapper\">\n\t\t<div class=\"pirate-forms-file-upload-wrapper\"><input type=\"file\" class=\"form-control\" id=\"pirate-forms-attachment\" name=\"pirate-forms-attachment\" class=\"pirate-forms-file-upload-input\" placeholder=\"\"  value=\"\"  tabindex=\"-1\"><\/div>\n\t<\/div>\n<\/div>\n\n\n<div class=\"col-xs-12 form_field_wrap contact_submit_wrap\">\n\t<button type=\"submit\" class=\"btn btn-primary custom-button red-btn pirate-forms-submit-button\" id=\"pirate-forms-contact-submit\" name=\"pirate-forms-contact-submit\" class=\"pirate-forms-submit-button btn btn-primary \" placeholder=\"\" >Odeslat zpr\u00e1vu<\/button>\n<\/div>\n<input type=\"hidden\" id=\"pirate_forms_ajax\" name=\"pirate_forms_ajax\" class=\"\" placeholder=\"\"  value=\"0\"><div class=\"form_field_wrap hidden\" style=\"display: none\"><input type=\"text\" id=\"form_honeypot\" name=\"honeypot\" class=\"\" placeholder=\"\"  value=\"\"><\/div><input type=\"hidden\" id=\"pirate_forms_from_widget\" name=\"pirate_forms_from_widget\" class=\"\" placeholder=\"\"  value=\"0\"><input type=\"hidden\" id=\"pirate_forms_from_form\" name=\"pirate_forms_from_form\" class=\"\" placeholder=\"\"  value=\"7536b623ce\">\t\t<\/form>\n\n\t\n\t\t<div class=\"pirate_forms_clearfix\"><\/div>\n\t<\/div>\n\n\t<!-- footer -->\n\t\n<\/div>\n<\/code><\/strong><\/p>\n","protected":false},"excerpt":{"rendered":"<p>Materi\u00e1ly: Tvrd\u00fd h\u0159eb\u00edkov\u00fd dr\u00e1t, n\u00e1sledn\u011b mo\u017eno povrchov\u011b upravit galvanick\u00fdm\/\u017e\u00e1rov\u00fdm pozinkov\u00e1n\u00edm Nerez potravin\u00e1\u0159sk\u00e1 1.4301 (AISI 304L) Nerez chemick\u00e1 1.4404 (AISI 316L) Vzorov\u00e9 ozna\u010den\u00ed s\u00edt\u011b: O-3\/50&#215;50\/900&#215;1400-1ks O &#8211; Ost\u0159\u00edhan\u00e1 s\u00ed\u0165 3 &#8211; Pr\u016fm\u011br dr\u00e1tu (3mm) 50&#215;50 &#8211; Velikost oka (A=50mm, B=50mm) 900&#215;1400 &nbsp;&#8211; &nbsp;Velikost s\u00edt\u011b (E=900mm, F=1400mm) 1ks &nbsp;&#8211; &nbsp;Mno\u017estv\u00ed &nbsp; Standardn\u00ed rozm\u011bry s\u00edt\u00ed viz. tabulka n\u00ed\u017ee:<\/p>\n","protected":false},"author":1,"featured_media":0,"parent":0,"menu_order":0,"comment_status":"closed","ping_status":"closed","template":"template-fullwidth.php","meta":{"ngg_post_thumbnail":0},"_links":{"self":[{"href":"https:\/\/www.site-sts.cz\/index.php\/wp-json\/wp\/v2\/pages\/111"}],"collection":[{"href":"https:\/\/www.site-sts.cz\/index.php\/wp-json\/wp\/v2\/pages"}],"about":[{"href":"https:\/\/www.site-sts.cz\/index.php\/wp-json\/wp\/v2\/types\/page"}],"author":[{"embeddable":true,"href":"https:\/\/www.site-sts.cz\/index.php\/wp-json\/wp\/v2\/users\/1"}],"replies":[{"embeddable":true,"href":"https:\/\/www.site-sts.cz\/index.php\/wp-json\/wp\/v2\/comments?post=111"}],"version-history":[{"count":4,"href":"https:\/\/www.site-sts.cz\/index.php\/wp-json\/wp\/v2\/pages\/111\/revisions"}],"predecessor-version":[{"id":278,"href":"https:\/\/www.site-sts.cz\/index.php\/wp-json\/wp\/v2\/pages\/111\/revisions\/278"}],"wp:attachment":[{"href":"https:\/\/www.site-sts.cz\/index.php\/wp-json\/wp\/v2\/media?parent=111"}],"curies":[{"name":"wp","href":"https:\/\/api.w.org\/{rel}","templated":true}]}}