{"id":104,"date":"2017-08-28T12:01:53","date_gmt":"2017-08-28T12:01:53","guid":{"rendered":"http:\/\/www.site-sts.cz\/?page_id=104"},"modified":"2017-08-28T13:17:33","modified_gmt":"2017-08-28T13:17:33","slug":"sit-v-ramu","status":"publish","type":"page","link":"https:\/\/www.site-sts.cz\/index.php\/sit-v-ramu\/","title":{"rendered":"S\u00cd\u0164 V R\u00c1MU"},"content":{"rendered":"<h4>S\u00ed\u0165 zava\u0159en\u00e1 do jeklov\u00e9ho r\u00e1mu:<\/h4>\n<p><img loading=\"lazy\" class=\"wp-image-223 size-full alignright\" src=\"http:\/\/edelstahl-gitter.de\/wp-content\/uploads\/2017\/07\/Si\u0165-3.png\" alt=\"\" width=\"1043\" height=\"762\"><!--more--><\/p>\n<h4>S\u00ed\u0165 lemovan\u00e1 siln\u011bj\u0161\u00edm dr\u00e1tem:<\/h4>\n<p><img loading=\"lazy\" class=\"wp-image-227 size-full alignright\" src=\"http:\/\/edelstahl-gitter.de\/wp-content\/uploads\/2017\/07\/Si\u0165-4.png\" alt=\"\" width=\"1225\" height=\"775\"><\/p>\n<p>&nbsp;<\/p>\n<p>&nbsp;<\/p>\n<p>&nbsp;<\/p>\n<p>&nbsp;<\/p>\n<p>&nbsp;<\/p>\n<p><img loading=\"lazy\" class=\"alignright wp-image-230 size-full\" src=\"http:\/\/edelstahl-gitter.de\/wp-content\/uploads\/2017\/07\/Si\u0165-5.png\" alt=\"\" width=\"980\" height=\"906\"><!--more--><\/p>\n<h2 style=\"text-align: center;\">Kontakt<\/h2>\n<p><strong><code>\n\n<div class=\"pirate_forms_container widget-no\" id=\"pirate_forms_container_default\">\n\t<!-- header -->\n\t\n\t<!-- thank you -->\n\t\n\t<div class=\"pirate_forms_wrap\">\n\t<!-- errors -->\n\t\n\t<!-- form -->\n\n\t\t<form\n\t\t\tmethod=\"post\"\n\t\t\tenctype=\"multipart\/form-data\"\n\t\t\tclass=\"pirate_forms  form_honeypot-on pirate-forms-contact-name-on pirate-forms-contact-email-on pirate-forms-contact-subject-on pirate-forms-contact-message-on pirate-forms-attachment-on pirate-forms-contact-submit-on pirate_forms_from_form-on\"\n\t\t\t\t\t>\n\t\t\t<div class=\"pirate_forms_three_inputs_wrap \">\n\t\n\n<div class=\"col-lg-4 col-sm-4 form_field_wrap\">\n\t\t<input type=\"text\" class=\"form-control input\" id=\"pirate-forms-contact-name\" name=\"pirate-forms-contact-name\" class=\"\" placeholder=\"Va\u0161e jm\u00e9no a p\u0159\u00edmen\u00ed\" required oninvalid=\"this.setCustomValidity('Enter your name')\" onchange=\"this.setCustomValidity('')\" value=\"\" >\n<\/div>\n\n\n<div class=\"col-lg-4 col-sm-4 form_field_wrap\">\n\t\t<input type=\"email\" class=\"form-control\" id=\"pirate-forms-contact-email\" name=\"pirate-forms-contact-email\" class=\"\" placeholder=\"V\u00e1\u0161 e-mail\" required oninvalid=\"this.setCustomValidity('Enter valid email')\" onchange=\"this.setCustomValidity('')\" value=\"\" >\n<\/div>\n\n\n<div class=\"col-lg-4 col-sm-4 form_field_wrap\">\n\t\t<input type=\"text\" class=\"form-control input\" id=\"pirate-forms-contact-subject\" name=\"pirate-forms-contact-subject\" class=\"\" placeholder=\"V\u00e1\u0161 telefon\" required oninvalid=\"this.setCustomValidity('Please enter a subject')\" onchange=\"this.setCustomValidity('')\" value=\"\" >\n<\/div>\n\t\t\t<\/div>\n\n\t\n\n<div class=\"col-lg-12 col-sm-12 form_field_wrap\">\n\t\t<textarea rows=\"5\" cols=\"30\" class=\"form-control input\" id=\"pirate-forms-contact-message\" name=\"pirate-forms-contact-message\" class=\"\" placeholder=\"Va\u0161e zpr\u00e1va\" required oninvalid=\"this.setCustomValidity('Enter your question or comment')\" onchange=\"this.setCustomValidity('')\" ><\/textarea>\n<\/div>\n\n\n<div class=\"col-xs-12 form_field_wrap contact_attachment_wrap col-xs-12 form_field_wrap contact_attachment_wrap\">\n\t<div class=\"pirate-forms-file-upload-wrapper\">\n\t\t<div class=\"pirate-forms-file-upload-wrapper\"><input type=\"file\" class=\"form-control\" id=\"pirate-forms-attachment\" name=\"pirate-forms-attachment\" class=\"pirate-forms-file-upload-input\" placeholder=\"\"  value=\"\"  tabindex=\"-1\"><\/div>\n\t<\/div>\n<\/div>\n\n\n<div class=\"col-xs-12 form_field_wrap contact_submit_wrap\">\n\t<button type=\"submit\" class=\"btn btn-primary custom-button red-btn pirate-forms-submit-button\" id=\"pirate-forms-contact-submit\" name=\"pirate-forms-contact-submit\" class=\"pirate-forms-submit-button btn btn-primary \" placeholder=\"\" >Odeslat zpr\u00e1vu<\/button>\n<\/div>\n<input type=\"hidden\" id=\"pirate_forms_ajax\" name=\"pirate_forms_ajax\" class=\"\" placeholder=\"\"  value=\"0\"><div class=\"form_field_wrap hidden\" style=\"display: none\"><input type=\"text\" id=\"form_honeypot\" name=\"honeypot\" class=\"\" placeholder=\"\"  value=\"\"><\/div><input type=\"hidden\" id=\"pirate_forms_from_widget\" name=\"pirate_forms_from_widget\" class=\"\" placeholder=\"\"  value=\"0\"><input type=\"hidden\" id=\"pirate_forms_from_form\" name=\"pirate_forms_from_form\" class=\"\" placeholder=\"\"  value=\"7536b623ce\">\t\t<\/form>\n\n\t\n\t\t<div class=\"pirate_forms_clearfix\"><\/div>\n\t<\/div>\n\n\t<!-- footer -->\n\t\n<\/div>\n<\/code><\/strong><\/p>\n","protected":false},"excerpt":{"rendered":"<p>S\u00ed\u0165 zava\u0159en\u00e1 do jeklov\u00e9ho r\u00e1mu:<\/p>\n","protected":false},"author":1,"featured_media":0,"parent":0,"menu_order":0,"comment_status":"closed","ping_status":"closed","template":"template-fullwidth.php","meta":{"ngg_post_thumbnail":0},"_links":{"self":[{"href":"https:\/\/www.site-sts.cz\/index.php\/wp-json\/wp\/v2\/pages\/104"}],"collection":[{"href":"https:\/\/www.site-sts.cz\/index.php\/wp-json\/wp\/v2\/pages"}],"about":[{"href":"https:\/\/www.site-sts.cz\/index.php\/wp-json\/wp\/v2\/types\/page"}],"author":[{"embeddable":true,"href":"https:\/\/www.site-sts.cz\/index.php\/wp-json\/wp\/v2\/users\/1"}],"replies":[{"embeddable":true,"href":"https:\/\/www.site-sts.cz\/index.php\/wp-json\/wp\/v2\/comments?post=104"}],"version-history":[{"count":4,"href":"https:\/\/www.site-sts.cz\/index.php\/wp-json\/wp\/v2\/pages\/104\/revisions"}],"predecessor-version":[{"id":127,"href":"https:\/\/www.site-sts.cz\/index.php\/wp-json\/wp\/v2\/pages\/104\/revisions\/127"}],"wp:attachment":[{"href":"https:\/\/www.site-sts.cz\/index.php\/wp-json\/wp\/v2\/media?parent=104"}],"curies":[{"name":"wp","href":"https:\/\/api.w.org\/{rel}","templated":true}]}}